{"id":80,"date":"2015-02-28T19:20:40","date_gmt":"2015-02-28T17:20:40","guid":{"rendered":"http:\/\/dutluca.org.tr\/?page_id=80"},"modified":"2024-03-17T23:38:34","modified_gmt":"2024-03-17T21:38:34","slug":"iletisim","status":"publish","type":"page","link":"https:\/\/www.masev.org\/dernek\/iletisim\/","title":{"rendered":"\u0130leti\u015fim"},"content":{"rendered":"\t\t<div data-elementor-type=\"wp-page\" data-elementor-id=\"80\" class=\"elementor elementor-80\">\n\t\t\t\t<div class=\"elementor-element elementor-element-83a4184 e-flex e-con-boxed e-con e-parent\" data-id=\"83a4184\" data-element_type=\"container\" data-e-type=\"container\">\n\t\t\t\t\t<div class=\"e-con-inner\">\n\t\t\t\t<div class=\"elementor-element elementor-element-0361f6a elementor-widget elementor-widget-html\" data-id=\"0361f6a\" data-element_type=\"widget\" data-e-type=\"widget\" data-widget_type=\"html.default\">\n\t\t\t\t<div class=\"elementor-widget-container\">\n\t\t\t\t\t<iframe src=\"https:\/\/www.google.com\/maps\/embed?pb=!1m18!1m12!1m3!1d3009.8284063754686!2d28.461646277258634!3d41.029009918146265!2m3!1f0!2f0!3f0!3m2!1i1024!2i768!4f13.1!3m3!1m2!1s0x14b542a266e5d935%3A0x4f5de1394404e6dd!2sTokat%20Malum%20Seyit%20Tekkesi%20Derne%C4%9Fi%20Merkezi!5e0!3m2!1str!2str!4v1710666564328!5m2!1str!2str\" width=\"800\" height=\"600\" style=\"border:0;\" allowfullscreen=\"\" loading=\"lazy\" referrerpolicy=\"no-referrer-when-downgrade\"><\/iframe>\t\t\t\t<\/div>\n\t\t\t\t<\/div>\n\t\t\t\t\t<\/div>\n\t\t\t\t<\/div>\n\t\t<div class=\"elementor-element elementor-element-9d66361 e-flex e-con-boxed e-con e-parent\" data-id=\"9d66361\" data-element_type=\"container\" data-e-type=\"container\">\n\t\t\t\t\t<div class=\"e-con-inner\">\n\t\t\t\t\t<\/div>\n\t\t\t\t<\/div>\n\t\t<div class=\"elementor-element elementor-element-edb0193 e-flex e-con-boxed e-con e-parent\" data-id=\"edb0193\" data-element_type=\"container\" data-e-type=\"container\">\n\t\t\t\t\t<div class=\"e-con-inner\">\n\t\t\t\t<div class=\"elementor-element elementor-element-cf4a8aa elementor-position-top elementor-widget elementor-widget-image-box\" data-id=\"cf4a8aa\" data-element_type=\"widget\" data-e-type=\"widget\" data-widget_type=\"image-box.default\">\n\t\t\t\t<div class=\"elementor-widget-container\">\n\t\t\t\t\t<div class=\"elementor-image-box-wrapper\"><figure class=\"elementor-image-box-img\"><img fetchpriority=\"high\" decoding=\"async\" width=\"1920\" height=\"1719\" src=\"https:\/\/www.masev.org\/dernek\/wp-content\/uploads\/2024\/01\/ali-duran-scaled-e1710671803836.jpg\" class=\"attachment-full size-full wp-image-2058\" alt=\"\" srcset=\"https:\/\/www.masev.org\/dernek\/wp-content\/uploads\/2024\/01\/ali-duran-scaled-e1710671803836.jpg 1920w, https:\/\/www.masev.org\/dernek\/wp-content\/uploads\/2024\/01\/ali-duran-scaled-e1710671803836-300x269.jpg 300w, https:\/\/www.masev.org\/dernek\/wp-content\/uploads\/2024\/01\/ali-duran-scaled-e1710671803836-1024x917.jpg 1024w, https:\/\/www.masev.org\/dernek\/wp-content\/uploads\/2024\/01\/ali-duran-scaled-e1710671803836-768x688.jpg 768w, https:\/\/www.masev.org\/dernek\/wp-content\/uploads\/2024\/01\/ali-duran-scaled-e1710671803836-1536x1375.jpg 1536w, https:\/\/www.masev.org\/dernek\/wp-content\/uploads\/2024\/01\/ali-duran-scaled-e1710671803836-640x573.jpg 640w, https:\/\/www.masev.org\/dernek\/wp-content\/uploads\/2024\/01\/ali-duran-scaled-e1710671803836-400x358.jpg 400w\" sizes=\"(max-width: 1920px) 100vw, 1920px\" \/><\/figure><div class=\"elementor-image-box-content\"><h1 class=\"elementor-image-box-title\">Ali Duran <\/h1><p class=\"elementor-image-box-description\">Dernek Ba\u015fkan\u0131<br><\/p><\/div><\/div>\t\t\t\t<\/div>\n\t\t\t\t<\/div>\n\t\t\t\t<div class=\"elementor-element elementor-element-aa0026b elementor-align-center elementor-widget elementor-widget-button\" data-id=\"aa0026b\" data-element_type=\"widget\" data-e-type=\"widget\" data-widget_type=\"button.default\">\n\t\t\t\t<div class=\"elementor-widget-container\">\n\t\t\t\t\t\t\t\t\t<div class=\"elementor-button-wrapper\">\n\t\t\t\t\t<a class=\"elementor-button elementor-button-link elementor-size-sm\" href=\"tel:05362611753\">\n\t\t\t\t\t\t<span class=\"elementor-button-content-wrapper\">\n\t\t\t\t\t\t\t\t\t<span class=\"elementor-button-text\">Ba\u015fkan\u0131 Ara<\/span>\n\t\t\t\t\t<\/span>\n\t\t\t\t\t<\/a>\n\t\t\t\t<\/div>\n\t\t\t\t\t\t\t\t<\/div>\n\t\t\t\t<\/div>\n\t\t\t\t\t<\/div>\n\t\t\t\t<\/div>\n\t\t<div class=\"elementor-element elementor-element-1ae5637f e-flex e-con-boxed e-con e-parent\" data-id=\"1ae5637f\" data-element_type=\"container\" data-e-type=\"container\">\n\t\t\t\t\t<div class=\"e-con-inner\">\n\t\t\t\t<div class=\"elementor-element elementor-element-1038410a elementor-widget elementor-widget-text-editor\" data-id=\"1038410a\" data-element_type=\"widget\" data-e-type=\"widget\" data-widget_type=\"text-editor.default\">\n\t\t\t\t<div class=\"elementor-widget-container\">\n\t\t\t\t\t\t\t\t\t<p><div class=\"wp-block-image\"><\/p>\n<figure class=\"aligncenter size-large is-resized\"><img decoding=\"async\" width=\"1024\" height=\"873\" class=\"wp-image-1704\" style=\"width: 290px; height: auto;\" src=\"https:\/\/www.masev.org\/dernek\/wp-content\/uploads\/2017\/09\/LOGO-YEN\u0130-1-1024x873.png\" alt=\"\" srcset=\"https:\/\/www.masev.org\/dernek\/wp-content\/uploads\/2017\/09\/LOGO-YEN\u0130-1-1024x873.png 1024w, https:\/\/www.masev.org\/dernek\/wp-content\/uploads\/2017\/09\/LOGO-YEN\u0130-1-300x256.png 300w, https:\/\/www.masev.org\/dernek\/wp-content\/uploads\/2017\/09\/LOGO-YEN\u0130-1-768x655.png 768w\" sizes=\"(max-width: 1024px) 100vw, 1024px\" \/><\/figure>\n<p><\/div><\/p>\n<p><div class=\"wp-block-image\"><\/p>\n<figure class=\"aligncenter size-full\"><img decoding=\"async\" width=\"900\" height=\"450\" class=\"wp-image-1677\" src=\"https:\/\/www.masev.org\/dernek\/wp-content\/uploads\/2019\/07\/hesap.fw_.png\" alt=\"\" srcset=\"https:\/\/www.masev.org\/dernek\/wp-content\/uploads\/2019\/07\/hesap.fw_.png 900w, https:\/\/www.masev.org\/dernek\/wp-content\/uploads\/2019\/07\/hesap.fw_-300x150.png 300w, https:\/\/www.masev.org\/dernek\/wp-content\/uploads\/2019\/07\/hesap.fw_-768x384.png 768w\" sizes=\"(max-width: 900px) 100vw, 900px\" \/><\/figure>\n<p><\/div><\/p>\n<p><\/p>\n<p class=\"has-text-align-center\">\u00a0<\/p>\n<p><\/p>\t\t\t\t\t\t\t\t<\/div>\n\t\t\t\t<\/div>\n\t\t\t\t\t<\/div>\n\t\t\t\t<\/div>\n\t\t<div class=\"elementor-element elementor-element-3978bf6 e-flex e-con-boxed e-con e-parent\" data-id=\"3978bf6\" data-element_type=\"container\" data-e-type=\"container\">\n\t\t\t\t\t<div class=\"e-con-inner\">\n\t\t\t\t\t<\/div>\n\t\t\t\t<\/div>\n\t\t\t\t<\/div>\n\t\t","protected":false},"excerpt":{"rendered":"<p>Ali Duran Dernek Ba\u015fkan\u0131 Ba\u015fkan\u0131 Ara \u00a0<\/p>\n","protected":false},"author":35,"featured_media":0,"parent":0,"menu_order":0,"comment_status":"closed","ping_status":"closed","template":"","meta":{"footnotes":""},"class_list":["post-80","page","type-page","status-publish","hentry"],"_links":{"self":[{"href":"https:\/\/www.masev.org\/dernek\/wp-json\/wp\/v2\/pages\/80","targetHints":{"allow":["GET"]}}],"collection":[{"href":"https:\/\/www.masev.org\/dernek\/wp-json\/wp\/v2\/pages"}],"about":[{"href":"https:\/\/www.masev.org\/dernek\/wp-json\/wp\/v2\/types\/page"}],"author":[{"embeddable":true,"href":"https:\/\/www.masev.org\/dernek\/wp-json\/wp\/v2\/users\/35"}],"replies":[{"embeddable":true,"href":"https:\/\/www.masev.org\/dernek\/wp-json\/wp\/v2\/comments?post=80"}],"version-history":[{"count":42,"href":"https:\/\/www.masev.org\/dernek\/wp-json\/wp\/v2\/pages\/80\/revisions"}],"predecessor-version":[{"id":3056,"href":"https:\/\/www.masev.org\/dernek\/wp-json\/wp\/v2\/pages\/80\/revisions\/3056"}],"wp:attachment":[{"href":"https:\/\/www.masev.org\/dernek\/wp-json\/wp\/v2\/media?parent=80"}],"curies":[{"name":"wp","href":"https:\/\/api.w.org\/{rel}","templated":true}]}}