{"id":385,"date":"2015-12-29T22:56:15","date_gmt":"2015-12-29T20:56:15","guid":{"rendered":"http:\/\/rasimyagar.com\/?page_id=385"},"modified":"2016-02-11T16:08:59","modified_gmt":"2016-02-11T16:08:59","slug":"burs-hizmeti","status":"publish","type":"page","link":"https:\/\/www.masev.org\/dernek\/burs-hizmeti\/","title":{"rendered":"Burs Hizmeti"},"content":{"rendered":"<p><strong>BURS H\u0130ZMET\u0130<\/strong><\/p>\n<p>Bir\u00e7ok ki\u015fi elde etti\u011fi imkan ve ba\u015far\u0131y\u0131 e\u011fitime bor\u00e7ludur. E\u011fitim yoluyla insanin sahip olaca\u011f\u0131 meslek \u00e7ok kere ki\u015fiyi ruhsal a\u00e7\u0131dan doyurur ve maddi olarak rahatlat\u0131r. Bu durumun sa\u011flayaca\u011f\u0131 imkanlar ki\u015finin hayattan daha fazla zevk almas\u0131n\u0131 m\u00fcmk\u00fcn k\u0131lar.<\/p>\n<p>\u0130yi bir e\u011fitim hayat standard\u0131n\u0131 y\u00fckseltir. Y\u00fcksek \u00f6\u011fretim hayattaki \u00e7e\u015fitli olaylar aras\u0131ndaki ger\u00e7ekleri, ba\u011flant\u0131lar\u0131 ve ilkeleri g\u00f6rmek ve anlamak becerisini kazand\u0131r\u0131r. \u0130yi bir e\u011fitim ayn\u0131 zamanda ki\u015fide yeni\u00a0 ilgi alanlar\u0131n\u0131n geli\u015fmesine yard\u0131m ederek hayat\u0131 daha zevkli ve ilgin\u00e7 k\u0131lar.<\/p>\n<p>Derne\u011fimiz, e\u011fitimin \u00f6nemine binaen kurulu\u015f amac\u0131na uygun olarak Kasabam\u0131z\u2019 dan \u00dcniversite de okuyan\u00a0 40 (k\u0131rk) \u00f6\u011frencimize kar\u015f\u0131l\u0131ks\u0131z burs vermektedir. Amac\u0131m\u0131z her ge\u00e7en g\u00fcn b\u00fcy\u00fcyen ve \u00fclkemizin\u00a0 de\u011fi\u015fik yerlerine\u00a0 da\u011f\u0131lan hem\u015ferilerimizle irtibat\u0131m\u0131z\u0131 koparmamakt\u0131r. Ayr\u0131ca Derne\u011fimizin,\u00a0 okuyan karde\u015flerimizin yan\u0131nda oldu\u011funu bu\u00a0 vesileyle\u00a0 belirtmek istiyoruz.<\/p>\n<p>\u00dclkemize ve milletimize faydal\u0131 olaca\u011f\u0131na inand\u0131\u011f\u0131m\u0131z yavrular\u0131m\u0131z, bizlerinde deste\u011fiyle tahsillerini tamamlayacak ve g\u00f6reve ba\u015flayacaklard\u0131r.<\/p>\n","protected":false},"excerpt":{"rendered":"<p>BURS H\u0130ZMET\u0130 Bir\u00e7ok ki\u015fi elde etti\u011fi imkan ve ba\u015far\u0131y\u0131 e\u011fitime bor\u00e7ludur. E\u011fitim yoluyla insanin sahip olaca\u011f\u0131 meslek \u00e7ok kere ki\u015fiyi ruhsal a\u00e7\u0131dan doyurur ve maddi olarak rahatlat\u0131r. Bu durumun sa\u011flayaca\u011f\u0131 imkanlar ki\u015finin hayattan daha fazla zevk almas\u0131n\u0131 m\u00fcmk\u00fcn k\u0131lar. \u0130yi bir e\u011fitim hayat standard\u0131n\u0131 y\u00fckseltir. Y\u00fcksek \u00f6\u011fretim hayattaki \u00e7e\u015fitli olaylar aras\u0131ndaki ger\u00e7ekleri, ba\u011flant\u0131lar\u0131 ve ilkeleri [&hellip;]<\/p>\n","protected":false},"author":35,"featured_media":0,"parent":0,"menu_order":0,"comment_status":"closed","ping_status":"closed","template":"","meta":{"footnotes":""},"class_list":["post-385","page","type-page","status-publish","hentry"],"_links":{"self":[{"href":"https:\/\/www.masev.org\/dernek\/wp-json\/wp\/v2\/pages\/385","targetHints":{"allow":["GET"]}}],"collection":[{"href":"https:\/\/www.masev.org\/dernek\/wp-json\/wp\/v2\/pages"}],"about":[{"href":"https:\/\/www.masev.org\/dernek\/wp-json\/wp\/v2\/types\/page"}],"author":[{"embeddable":true,"href":"https:\/\/www.masev.org\/dernek\/wp-json\/wp\/v2\/users\/35"}],"replies":[{"embeddable":true,"href":"https:\/\/www.masev.org\/dernek\/wp-json\/wp\/v2\/comments?post=385"}],"version-history":[{"count":2,"href":"https:\/\/www.masev.org\/dernek\/wp-json\/wp\/v2\/pages\/385\/revisions"}],"predecessor-version":[{"id":1305,"href":"https:\/\/www.masev.org\/dernek\/wp-json\/wp\/v2\/pages\/385\/revisions\/1305"}],"wp:attachment":[{"href":"https:\/\/www.masev.org\/dernek\/wp-json\/wp\/v2\/media?parent=385"}],"curies":[{"name":"wp","href":"https:\/\/api.w.org\/{rel}","templated":true}]}}