{"id":376,"date":"2015-12-29T22:36:37","date_gmt":"2015-12-29T20:36:37","guid":{"rendered":"http:\/\/rasimyagar.com\/?page_id=376"},"modified":"2016-02-11T16:06:18","modified_gmt":"2016-02-11T16:06:18","slug":"kulturel-faaliyetler","status":"publish","type":"page","link":"https:\/\/www.masev.org\/dernek\/kulturel-faaliyetler\/","title":{"rendered":"K\u00fclt\u00fcrel Faaliyetler"},"content":{"rendered":"<p>&nbsp;<\/p>\n<p><strong>K\u00dcLT\u00dcREL \u00c7ALI\u015eMALAR<\/strong><\/p>\n<p>&nbsp;<\/p>\n<p>1. : Dernek olarak en \u00f6nemli geleneklerimizden olan bayramla\u015fma programlar\u0131 d\u00fczenleyerek b\u00fcy\u00fck k\u00fc\u00e7\u00fck, gen\u00e7 ya\u015fl\u0131 t\u00fcm hem\u015fehrilerimizi bir araya getiriyoruz ve bulu\u015fturuyoruz.<\/p>\n<p>2.\u00a0 \u0130ftar Yeme\u011fi: Derne\u011fimizi kurdu\u011fumuzdan itibaren iftar programlar\u0131m\u0131z\u0131 gelenek haline getirdik. Her y\u0131l b\u00fct\u00fcn hem\u015fehrilerimizle iftar yap\u0131yor birbirimizin sevincini payla\u015f\u0131yor hasret gideriyoruz.<\/p>\n<p>3. Cenazeye Kat\u0131lanlara Yemek \u0130kram\u0131nda Bulunmak: Hem\u015fehrilerimizden vefat eden kimsenin evinde, cenazeye uzaktan yak\u0131ndan gelenlere Derne\u011fimiz, kar\u015f\u0131l\u0131ks\u0131z yemek ikram\u0131nda bulunuyor.<\/p>\n<p>4. Hac\u0131 U\u011furlama Programlar\u0131: Hacca gidenlerle helalle\u015fmek, onlar\u0131 bu mutlu g\u00fcnlerinde anmak ve u\u011furlamak amac\u0131yla t\u00fcm Dutlucal\u0131lar ve davetlilerin kat\u0131ld\u0131\u011f\u0131 hac\u0131 u\u011furlama program\u0131 d\u00fczenliyoruz. Program, merkezi camide mevl\u00fcd okunmas\u0131 ve hac ibadetiyle ilgili diyanet yetkililerimizin bilgilendirici sohbetlerini i\u00e7eriyor. Toplu dua ikram ve helalle\u015fmeyle son buluyor.<\/p>\n<p>5. Telefon Rehberi: T\u00fcm \u00fcyelerimizin ve 1000 civar\u0131ndaki hem\u015fehrilerimizin bilgilerinin yer ald\u0131\u011f\u0131 i\u00e7eri\u011fi zengin rehber haz\u0131rlad\u0131k. Rehber i\u00e7erisinde \u00fcyelerimizin ve hem\u015fehrilerimzin ad\u0131, soyad\u0131, ev telefonu, cep telefonu, adresi ve kan gurubu yer almaktad\u0131r. Kan ihtiyac\u0131 olanlar rehber yard\u0131m\u0131yla ihtiyac\u0131n\u0131 gideriyor ve ula\u015fmak istedi\u011fi ki\u015fiye rahatl\u0131kla ula\u015f\u0131yor.<\/p>\n<p>6. Takvim \u00c7al\u0131\u015fmas\u0131: Her y\u0131l sponsor \u00fcyelerimizin katk\u0131s\u0131yla takvim bast\u0131r\u0131yoruz. Bu vesileyle ve hem kasabam\u0131z\u0131n, hem derne\u011fimizin ve hem de esnaf\u0131m\u0131z\u0131n reklam\u0131n\u0131 ve tan\u0131t\u0131m\u0131n\u0131 yapm\u0131\u015f oluyoruz.<\/p>\n<p>7. \u00c7a\u011f\u0131m\u0131z internet \u00e7a\u011f\u0131d\u0131r. Bizler de internet ortam\u0131nda yerimizi alm\u0131\u015f bulunuyoruz. \u00d6zellikle g\u00fcn\u00fcm\u00fczde, internet hayat\u0131m\u0131z\u0131n bir par\u00e7as\u0131 haline gelmi\u015ftir. Bu konuya yabanc\u0131 kalamazd\u0131k. Sesimizi t\u00fcm \u00fcyelerimize, hem\u015ferilerimize ve b\u00fct\u00fcn d\u00fcnyaya duyurmu\u015f olduk. Derne\u011fimizi ve Kasabam\u0131z\u0131 tan\u0131tt\u0131k. Sitemizi g\u00fcnl\u00fck 4000 \u2013 5000 ki\u015fi ziyaret etmektedir. \u00dcyelerimiz a\u00e7\u0131s\u0131ndan bir adresgah ve karargah niteli\u011fi ta\u015f\u0131maktad\u0131rHem\u015fehrilerimiz ve \u00fcyelerimiz d\u00fc\u015f\u00fcncesini, \u00f6nerisini bu vesileyle bizlerle payla\u015fmaktad\u0131r.<\/p>\n","protected":false},"excerpt":{"rendered":"<p>&nbsp; K\u00dcLT\u00dcREL \u00c7ALI\u015eMALAR &nbsp; 1. : Dernek olarak en \u00f6nemli geleneklerimizden olan bayramla\u015fma programlar\u0131 d\u00fczenleyerek b\u00fcy\u00fck k\u00fc\u00e7\u00fck, gen\u00e7 ya\u015fl\u0131 t\u00fcm hem\u015fehrilerimizi bir araya getiriyoruz ve bulu\u015fturuyoruz. 2.\u00a0 \u0130ftar Yeme\u011fi: Derne\u011fimizi kurdu\u011fumuzdan itibaren iftar programlar\u0131m\u0131z\u0131 gelenek haline getirdik. Her y\u0131l b\u00fct\u00fcn hem\u015fehrilerimizle iftar yap\u0131yor birbirimizin sevincini payla\u015f\u0131yor hasret gideriyoruz. 3. Cenazeye Kat\u0131lanlara Yemek \u0130kram\u0131nda Bulunmak: Hem\u015fehrilerimizden [&hellip;]<\/p>\n","protected":false},"author":35,"featured_media":0,"parent":0,"menu_order":0,"comment_status":"closed","ping_status":"closed","template":"","meta":{"footnotes":""},"class_list":["post-376","page","type-page","status-publish","hentry"],"_links":{"self":[{"href":"https:\/\/www.masev.org\/dernek\/wp-json\/wp\/v2\/pages\/376","targetHints":{"allow":["GET"]}}],"collection":[{"href":"https:\/\/www.masev.org\/dernek\/wp-json\/wp\/v2\/pages"}],"about":[{"href":"https:\/\/www.masev.org\/dernek\/wp-json\/wp\/v2\/types\/page"}],"author":[{"embeddable":true,"href":"https:\/\/www.masev.org\/dernek\/wp-json\/wp\/v2\/users\/35"}],"replies":[{"embeddable":true,"href":"https:\/\/www.masev.org\/dernek\/wp-json\/wp\/v2\/comments?post=376"}],"version-history":[{"count":1,"href":"https:\/\/www.masev.org\/dernek\/wp-json\/wp\/v2\/pages\/376\/revisions"}],"predecessor-version":[{"id":1301,"href":"https:\/\/www.masev.org\/dernek\/wp-json\/wp\/v2\/pages\/376\/revisions\/1301"}],"wp:attachment":[{"href":"https:\/\/www.masev.org\/dernek\/wp-json\/wp\/v2\/media?parent=376"}],"curies":[{"name":"wp","href":"https:\/\/api.w.org\/{rel}","templated":true}]}}