{"id":350,"date":"2015-12-25T17:32:54","date_gmt":"2015-12-25T15:32:54","guid":{"rendered":"http:\/\/rasimyagar.com\/?page_id=350"},"modified":"2016-02-11T16:04:30","modified_gmt":"2016-02-11T16:04:30","slug":"etkinliklerimiz","status":"publish","type":"page","link":"https:\/\/www.masev.org\/dernek\/etkinliklerimiz\/","title":{"rendered":"Etkinliklerimiz"},"content":{"rendered":"<p>Derne\u011fimiz, kurulu\u015f amac\u0131na uygun olarak hem\u015fehrilerimizin k\u00fclt\u00fcrel ve sosyal y\u00f6nlerini g\u00fc\u00e7lendirmek, gen\u00e7lerimizi y\u00f6nlendirmek ve bilgilendirmek amac\u0131yla tiyatro g\u00f6sterileri, geziler, yemekli toplant\u0131lar, \u015f\u00f6lenler, e\u011flenceler d\u00fczenlemektedir.<\/p>\n<div>Ayr\u0131ca sportif aktiviteler, asker u\u011furlama geceleri, \u00e7ay partileri, piknikler ve \u00e7e\u015fitli toplant\u0131larla gen\u00e7lerimizin kayna\u015fmas\u0131, birbirlerini tan\u0131mas\u0131 ve gen\u00e7lerimizin aralar\u0131ndaki ileti\u015fim ba\u011flar\u0131 g\u00fc\u00e7lendirilmektedir.<\/div>\n","protected":false},"excerpt":{"rendered":"<p>Derne\u011fimiz, kurulu\u015f amac\u0131na uygun olarak hem\u015fehrilerimizin k\u00fclt\u00fcrel ve sosyal y\u00f6nlerini g\u00fc\u00e7lendirmek, gen\u00e7lerimizi y\u00f6nlendirmek ve bilgilendirmek amac\u0131yla tiyatro g\u00f6sterileri, geziler, yemekli toplant\u0131lar, \u015f\u00f6lenler, e\u011flenceler d\u00fczenlemektedir. Ayr\u0131ca sportif aktiviteler, asker u\u011furlama geceleri, \u00e7ay partileri, piknikler ve \u00e7e\u015fitli toplant\u0131larla gen\u00e7lerimizin kayna\u015fmas\u0131, birbirlerini tan\u0131mas\u0131 ve gen\u00e7lerimizin aralar\u0131ndaki ileti\u015fim ba\u011flar\u0131 g\u00fc\u00e7lendirilmektedir.<\/p>\n","protected":false},"author":35,"featured_media":0,"parent":0,"menu_order":0,"comment_status":"closed","ping_status":"closed","template":"","meta":{"footnotes":""},"class_list":["post-350","page","type-page","status-publish","hentry"],"_links":{"self":[{"href":"https:\/\/www.masev.org\/dernek\/wp-json\/wp\/v2\/pages\/350","targetHints":{"allow":["GET"]}}],"collection":[{"href":"https:\/\/www.masev.org\/dernek\/wp-json\/wp\/v2\/pages"}],"about":[{"href":"https:\/\/www.masev.org\/dernek\/wp-json\/wp\/v2\/types\/page"}],"author":[{"embeddable":true,"href":"https:\/\/www.masev.org\/dernek\/wp-json\/wp\/v2\/users\/35"}],"replies":[{"embeddable":true,"href":"https:\/\/www.masev.org\/dernek\/wp-json\/wp\/v2\/comments?post=350"}],"version-history":[{"count":1,"href":"https:\/\/www.masev.org\/dernek\/wp-json\/wp\/v2\/pages\/350\/revisions"}],"predecessor-version":[{"id":1300,"href":"https:\/\/www.masev.org\/dernek\/wp-json\/wp\/v2\/pages\/350\/revisions\/1300"}],"wp:attachment":[{"href":"https:\/\/www.masev.org\/dernek\/wp-json\/wp\/v2\/media?parent=350"}],"curies":[{"name":"wp","href":"https:\/\/api.w.org\/{rel}","templated":true}]}}