{"id":3033,"date":"2024-03-17T20:42:14","date_gmt":"2024-03-17T18:42:14","guid":{"rendered":"https:\/\/www.masev.org\/dernek\/?page_id=3033"},"modified":"2025-03-24T11:04:51","modified_gmt":"2025-03-24T09:04:51","slug":"anasayfa","status":"publish","type":"page","link":"https:\/\/www.masev.org\/dernek\/","title":{"rendered":"Anasayfa"},"content":{"rendered":"\n<div class=\"wp-block-query is-layout-flow wp-block-query-is-layout-flow\"><ul class=\"wp-block-post-template has-small-font-size is-layout-flow wp-block-post-template-is-layout-flow\"><li class=\"wp-block-post post-507 post type-post status-publish format-standard has-post-thumbnail hentry category-burs category-duyurular category-faaliyetlerimiz\">\n\n<div class=\"wp-block-columns are-vertically-aligned-center is-layout-flex wp-container-core-columns-is-layout-9d6595d7 wp-block-columns-is-layout-flex\">\n<div class=\"wp-block-column is-vertically-aligned-center is-layout-flow wp-block-column-is-layout-flow\" style=\"flex-basis:25%\"><figure class=\"wp-block-post-featured-image\"><a href=\"https:\/\/www.masev.org\/dernek\/burs-basvurusu\/\" target=\"_self\"  ><img fetchpriority=\"high\" decoding=\"async\" width=\"1000\" height=\"727\" src=\"https:\/\/www.masev.org\/dernek\/wp-content\/uploads\/2016\/01\/universite-hazirlik-okuyan-memura-1-kademe-verilir-mi-585531.jpg\" class=\"attachment-post-thumbnail size-post-thumbnail wp-post-image\" alt=\"Burs Ba\u015fvurusu\" style=\"object-fit:cover;\" srcset=\"https:\/\/www.masev.org\/dernek\/wp-content\/uploads\/2016\/01\/universite-hazirlik-okuyan-memura-1-kademe-verilir-mi-585531.jpg 1000w, https:\/\/www.masev.org\/dernek\/wp-content\/uploads\/2016\/01\/universite-hazirlik-okuyan-memura-1-kademe-verilir-mi-585531-300x218.jpg 300w, https:\/\/www.masev.org\/dernek\/wp-content\/uploads\/2016\/01\/universite-hazirlik-okuyan-memura-1-kademe-verilir-mi-585531-768x558.jpg 768w, https:\/\/www.masev.org\/dernek\/wp-content\/uploads\/2016\/01\/universite-hazirlik-okuyan-memura-1-kademe-verilir-mi-585531-278x202.jpg 278w, https:\/\/www.masev.org\/dernek\/wp-content\/uploads\/2016\/01\/universite-hazirlik-okuyan-memura-1-kademe-verilir-mi-585531-373x270.jpg 373w\" sizes=\"(max-width: 1000px) 100vw, 1000px\" \/><\/a><\/figure><\/div>\n\n\n\n<div class=\"wp-block-column is-vertically-aligned-center is-layout-flow wp-block-column-is-layout-flow\" style=\"flex-basis:75%\"><h2 class=\"wp-block-post-title\"><a href=\"https:\/\/www.masev.org\/dernek\/burs-basvurusu\/\" target=\"_self\" >Burs Ba\u015fvurusu<\/a><\/h2><\/div>\n<\/div>\n\n<\/li><li class=\"wp-block-post post-1858 post type-post status-publish format-standard has-post-thumbnail hentry category-dernegimiz category-faaliyetlerimiz category-haberler\">\n\n<div class=\"wp-block-columns are-vertically-aligned-center is-layout-flex wp-container-core-columns-is-layout-9d6595d7 wp-block-columns-is-layout-flex\">\n<div class=\"wp-block-column is-vertically-aligned-center is-layout-flow wp-block-column-is-layout-flow\" style=\"flex-basis:25%\"><figure class=\"wp-block-post-featured-image\"><a href=\"https:\/\/www.masev.org\/dernek\/hep-birlikte-ramazan\/\" target=\"_self\"  ><img decoding=\"async\" width=\"1600\" height=\"899\" src=\"https:\/\/www.masev.org\/dernek\/wp-content\/uploads\/2021\/05\/ramazan.jpg\" class=\"attachment-post-thumbnail size-post-thumbnail wp-post-image\" alt=\"Hep Birlikte Ramazan\" style=\"object-fit:cover;\" srcset=\"https:\/\/www.masev.org\/dernek\/wp-content\/uploads\/2021\/05\/ramazan.jpg 1600w, https:\/\/www.masev.org\/dernek\/wp-content\/uploads\/2021\/05\/ramazan-300x169.jpg 300w, https:\/\/www.masev.org\/dernek\/wp-content\/uploads\/2021\/05\/ramazan-1024x575.jpg 1024w, https:\/\/www.masev.org\/dernek\/wp-content\/uploads\/2021\/05\/ramazan-768x432.jpg 768w, https:\/\/www.masev.org\/dernek\/wp-content\/uploads\/2021\/05\/ramazan-1536x863.jpg 1536w\" sizes=\"(max-width: 1600px) 100vw, 1600px\" \/><\/a><\/figure><\/div>\n\n\n\n<div class=\"wp-block-column is-vertically-aligned-center is-layout-flow wp-block-column-is-layout-flow\" style=\"flex-basis:75%\"><h2 class=\"wp-block-post-title\"><a href=\"https:\/\/www.masev.org\/dernek\/hep-birlikte-ramazan\/\" target=\"_self\" >Hep Birlikte Ramazan<\/a><\/h2><\/div>\n<\/div>\n\n<\/li><li class=\"wp-block-post post-1836 post type-post status-publish format-standard has-post-thumbnail hentry category-faaliyetlerimiz\">\n\n<div class=\"wp-block-columns are-vertically-aligned-center is-layout-flex wp-container-core-columns-is-layout-9d6595d7 wp-block-columns-is-layout-flex\">\n<div class=\"wp-block-column is-vertically-aligned-center is-layout-flow wp-block-column-is-layout-flow\" style=\"flex-basis:25%\"><figure class=\"wp-block-post-featured-image\"><a href=\"https:\/\/www.masev.org\/dernek\/kurban-bayramiz-mubarek-olsun\/\" target=\"_self\"  ><img decoding=\"async\" width=\"960\" height=\"516\" src=\"https:\/\/www.masev.org\/dernek\/wp-content\/uploads\/2020\/08\/116403030_2328259020814540_4201060913345695668_n1.jpg\" class=\"attachment-post-thumbnail size-post-thumbnail wp-post-image\" alt=\"Kurban Bayram\u0131n\u0131z M\u00fcbarek Olsun\" style=\"object-fit:cover;\" srcset=\"https:\/\/www.masev.org\/dernek\/wp-content\/uploads\/2020\/08\/116403030_2328259020814540_4201060913345695668_n1.jpg 960w, https:\/\/www.masev.org\/dernek\/wp-content\/uploads\/2020\/08\/116403030_2328259020814540_4201060913345695668_n1-300x161.jpg 300w, https:\/\/www.masev.org\/dernek\/wp-content\/uploads\/2020\/08\/116403030_2328259020814540_4201060913345695668_n1-768x413.jpg 768w\" sizes=\"(max-width: 960px) 100vw, 960px\" \/><\/a><\/figure><\/div>\n\n\n\n<div class=\"wp-block-column is-vertically-aligned-center is-layout-flow wp-block-column-is-layout-flow\" style=\"flex-basis:75%\"><h2 class=\"wp-block-post-title\"><a href=\"https:\/\/www.masev.org\/dernek\/kurban-bayramiz-mubarek-olsun\/\" target=\"_self\" >Kurban Bayram\u0131n\u0131z M\u00fcbarek Olsun<\/a><\/h2><\/div>\n<\/div>\n\n<\/li><\/ul><\/div>\n","protected":false},"excerpt":{"rendered":"","protected":false},"author":35,"featured_media":0,"parent":0,"menu_order":0,"comment_status":"closed","ping_status":"closed","template":"templates\/template-homepage.php","meta":{"footnotes":""},"class_list":["post-3033","page","type-page","status-publish","hentry"],"_links":{"self":[{"href":"https:\/\/www.masev.org\/dernek\/wp-json\/wp\/v2\/pages\/3033","targetHints":{"allow":["GET"]}}],"collection":[{"href":"https:\/\/www.masev.org\/dernek\/wp-json\/wp\/v2\/pages"}],"about":[{"href":"https:\/\/www.masev.org\/dernek\/wp-json\/wp\/v2\/types\/page"}],"author":[{"embeddable":true,"href":"https:\/\/www.masev.org\/dernek\/wp-json\/wp\/v2\/users\/35"}],"replies":[{"embeddable":true,"href":"https:\/\/www.masev.org\/dernek\/wp-json\/wp\/v2\/comments?post=3033"}],"version-history":[{"count":2,"href":"https:\/\/www.masev.org\/dernek\/wp-json\/wp\/v2\/pages\/3033\/revisions"}],"predecessor-version":[{"id":3044,"href":"https:\/\/www.masev.org\/dernek\/wp-json\/wp\/v2\/pages\/3033\/revisions\/3044"}],"wp:attachment":[{"href":"https:\/\/www.masev.org\/dernek\/wp-json\/wp\/v2\/media?parent=3033"}],"curies":[{"name":"wp","href":"https:\/\/api.w.org\/{rel}","templated":true}]}}