{"id":1718,"date":"2019-08-25T14:39:10","date_gmt":"2019-08-25T12:39:10","guid":{"rendered":"https:\/\/www.masev.org\/dernek\/?page_id=1718"},"modified":"2026-04-14T18:32:51","modified_gmt":"2026-04-14T16:32:51","slug":"katmer-agalarimiz","status":"publish","type":"page","link":"https:\/\/www.masev.org\/dernek\/katmer-agalarimiz\/","title":{"rendered":"Katmer A\u011falar\u0131m\u0131z"},"content":{"rendered":"<div class=\"wp-block-image\">\n<figure data-wp-context=\"{&quot;imageId&quot;:&quot;69f392efa356f&quot;}\" data-wp-interactive=\"core\/image\" data-wp-key=\"69f392efa356f\" class=\"aligncenter size-full is-resized wp-lightbox-container\"><img fetchpriority=\"high\" decoding=\"async\" width=\"783\" height=\"954\" data-wp-class--hide=\"state.isContentHidden\" data-wp-class--show=\"state.isContentVisible\" data-wp-init=\"callbacks.setButtonStyles\" data-wp-on--click=\"actions.showLightbox\" data-wp-on--load=\"callbacks.setButtonStyles\" data-wp-on-window--resize=\"callbacks.setButtonStyles\" src=\"https:\/\/www.masev.org\/dernek\/wp-content\/uploads\/2026\/04\/16-katmer-agasi.png\" alt=\"\" class=\"wp-image-3120\" style=\"width:557px;height:auto\" srcset=\"https:\/\/www.masev.org\/dernek\/wp-content\/uploads\/2026\/04\/16-katmer-agasi.png 783w, https:\/\/www.masev.org\/dernek\/wp-content\/uploads\/2026\/04\/16-katmer-agasi-246x300.png 246w, https:\/\/www.masev.org\/dernek\/wp-content\/uploads\/2026\/04\/16-katmer-agasi-768x936.png 768w\" sizes=\"(max-width: 783px) 100vw, 783px\" \/><button\n\t\t\tclass=\"lightbox-trigger\"\n\t\t\ttype=\"button\"\n\t\t\taria-haspopup=\"dialog\"\n\t\t\taria-label=\"B\u00fcy\u00fct\"\n\t\t\tdata-wp-init=\"callbacks.initTriggerButton\"\n\t\t\tdata-wp-on--click=\"actions.showLightbox\"\n\t\t\tdata-wp-style--right=\"state.imageButtonRight\"\n\t\t\tdata-wp-style--top=\"state.imageButtonTop\"\n\t\t>\n\t\t\t<svg xmlns=\"http:\/\/www.w3.org\/2000\/svg\" width=\"12\" height=\"12\" fill=\"none\" viewBox=\"0 0 12 12\">\n\t\t\t\t<path fill=\"#fff\" d=\"M2 0a2 2 0 0 0-2 2v2h1.5V2a.5.5 0 0 1 .5-.5h2V0H2Zm2 10.5H2a.5.5 0 0 1-.5-.5V8H0v2a2 2 0 0 0 2 2h2v-1.5ZM8 12v-1.5h2a.5.5 0 0 0 .5-.5V8H12v2a2 2 0 0 1-2 2H8Zm2-12a2 2 0 0 1 2 2v2h-1.5V2a.5.5 0 0 0-.5-.5H8V0h2Z\" \/>\n\t\t\t<\/svg>\n\t\t<\/button><\/figure>\n<\/div>\n\n\n<div style=\"height:25px\" aria-hidden=\"true\" class=\"wp-block-spacer\"><\/div>\n\n\n\n<figure class=\"wp-block-gallery has-nested-images columns-2 wp-block-gallery-1 is-layout-flex wp-block-gallery-is-layout-flex\">\n<figure class=\"wp-block-image size-full\"><img decoding=\"async\" width=\"783\" height=\"954\" data-id=\"3074\" src=\"https:\/\/www.masev.org\/dernek\/wp-content\/uploads\/2024\/10\/15-katmer-agasi.jpg\" alt=\"\" class=\"wp-image-3074\" srcset=\"https:\/\/www.masev.org\/dernek\/wp-content\/uploads\/2024\/10\/15-katmer-agasi.jpg 783w, https:\/\/www.masev.org\/dernek\/wp-content\/uploads\/2024\/10\/15-katmer-agasi-246x300.jpg 246w, https:\/\/www.masev.org\/dernek\/wp-content\/uploads\/2024\/10\/15-katmer-agasi-768x936.jpg 768w\" sizes=\"(max-width: 783px) 100vw, 783px\" \/><\/figure>\n\n\n\n<figure data-wp-context=\"{&quot;imageId&quot;:&quot;69f392efa42f1&quot;}\" data-wp-interactive=\"core\/image\" data-wp-key=\"69f392efa42f1\" class=\"wp-block-image size-full wp-lightbox-container\"><img decoding=\"async\" width=\"783\" height=\"954\" data-wp-class--hide=\"state.isContentHidden\" data-wp-class--show=\"state.isContentVisible\" data-wp-init=\"callbacks.setButtonStyles\" data-wp-on--click=\"actions.showLightbox\" data-wp-on--load=\"callbacks.setButtonStyles\" data-wp-on-window--resize=\"callbacks.setButtonStyles\" data-id=\"3073\" src=\"https:\/\/www.masev.org\/dernek\/wp-content\/uploads\/2024\/10\/14-katmer-agasi.png\" alt=\"\" class=\"wp-image-3073\" srcset=\"https:\/\/www.masev.org\/dernek\/wp-content\/uploads\/2024\/10\/14-katmer-agasi.png 783w, https:\/\/www.masev.org\/dernek\/wp-content\/uploads\/2024\/10\/14-katmer-agasi-246x300.png 246w, https:\/\/www.masev.org\/dernek\/wp-content\/uploads\/2024\/10\/14-katmer-agasi-768x936.png 768w\" sizes=\"(max-width: 783px) 100vw, 783px\" \/><button\n\t\t\tclass=\"lightbox-trigger\"\n\t\t\ttype=\"button\"\n\t\t\taria-haspopup=\"dialog\"\n\t\t\taria-label=\"B\u00fcy\u00fct\"\n\t\t\tdata-wp-init=\"callbacks.initTriggerButton\"\n\t\t\tdata-wp-on--click=\"actions.showLightbox\"\n\t\t\tdata-wp-style--right=\"state.imageButtonRight\"\n\t\t\tdata-wp-style--top=\"state.imageButtonTop\"\n\t\t>\n\t\t\t<svg xmlns=\"http:\/\/www.w3.org\/2000\/svg\" width=\"12\" height=\"12\" fill=\"none\" viewBox=\"0 0 12 12\">\n\t\t\t\t<path fill=\"#fff\" d=\"M2 0a2 2 0 0 0-2 2v2h1.5V2a.5.5 0 0 1 .5-.5h2V0H2Zm2 10.5H2a.5.5 0 0 1-.5-.5V8H0v2a2 2 0 0 0 2 2h2v-1.5ZM8 12v-1.5h2a.5.5 0 0 0 .5-.5V8H12v2a2 2 0 0 1-2 2H8Zm2-12a2 2 0 0 1 2 2v2h-1.5V2a.5.5 0 0 0-.5-.5H8V0h2Z\" \/>\n\t\t\t<\/svg>\n\t\t<\/button><\/figure>\n\n\n\n<figure data-wp-context=\"{&quot;imageId&quot;:&quot;69f392efa481f&quot;}\" data-wp-interactive=\"core\/image\" data-wp-key=\"69f392efa481f\" class=\"wp-block-image size-full wp-lightbox-container\"><img loading=\"lazy\" decoding=\"async\" width=\"783\" height=\"954\" data-wp-class--hide=\"state.isContentHidden\" data-wp-class--show=\"state.isContentVisible\" data-wp-init=\"callbacks.setButtonStyles\" data-wp-on--click=\"actions.showLightbox\" data-wp-on--load=\"callbacks.setButtonStyles\" data-wp-on-window--resize=\"callbacks.setButtonStyles\" data-id=\"1727\" src=\"https:\/\/www.masev.org\/dernek\/wp-content\/uploads\/2019\/08\/12.-VE-13.-Katmer-a\u011fas\u0131.png\" alt=\"\" class=\"wp-image-1727\" srcset=\"https:\/\/www.masev.org\/dernek\/wp-content\/uploads\/2019\/08\/12.-VE-13.-Katmer-a\u011fas\u0131.png 783w, https:\/\/www.masev.org\/dernek\/wp-content\/uploads\/2019\/08\/12.-VE-13.-Katmer-a\u011fas\u0131-246x300.png 246w, https:\/\/www.masev.org\/dernek\/wp-content\/uploads\/2019\/08\/12.-VE-13.-Katmer-a\u011fas\u0131-768x936.png 768w\" sizes=\"(max-width: 783px) 100vw, 783px\" \/><button\n\t\t\tclass=\"lightbox-trigger\"\n\t\t\ttype=\"button\"\n\t\t\taria-haspopup=\"dialog\"\n\t\t\taria-label=\"B\u00fcy\u00fct\"\n\t\t\tdata-wp-init=\"callbacks.initTriggerButton\"\n\t\t\tdata-wp-on--click=\"actions.showLightbox\"\n\t\t\tdata-wp-style--right=\"state.imageButtonRight\"\n\t\t\tdata-wp-style--top=\"state.imageButtonTop\"\n\t\t>\n\t\t\t<svg xmlns=\"http:\/\/www.w3.org\/2000\/svg\" width=\"12\" height=\"12\" fill=\"none\" viewBox=\"0 0 12 12\">\n\t\t\t\t<path fill=\"#fff\" d=\"M2 0a2 2 0 0 0-2 2v2h1.5V2a.5.5 0 0 1 .5-.5h2V0H2Zm2 10.5H2a.5.5 0 0 1-.5-.5V8H0v2a2 2 0 0 0 2 2h2v-1.5ZM8 12v-1.5h2a.5.5 0 0 0 .5-.5V8H12v2a2 2 0 0 1-2 2H8Zm2-12a2 2 0 0 1 2 2v2h-1.5V2a.5.5 0 0 0-.5-.5H8V0h2Z\" \/>\n\t\t\t<\/svg>\n\t\t<\/button><\/figure>\n\n\n\n<figure data-wp-context=\"{&quot;imageId&quot;:&quot;69f392efa4cf5&quot;}\" data-wp-interactive=\"core\/image\" data-wp-key=\"69f392efa4cf5\" class=\"wp-block-image size-full wp-lightbox-container\"><img loading=\"lazy\" decoding=\"async\" width=\"783\" height=\"954\" data-wp-class--hide=\"state.isContentHidden\" data-wp-class--show=\"state.isContentVisible\" data-wp-init=\"callbacks.setButtonStyles\" data-wp-on--click=\"actions.showLightbox\" data-wp-on--load=\"callbacks.setButtonStyles\" data-wp-on-window--resize=\"callbacks.setButtonStyles\" data-id=\"1643\" src=\"https:\/\/www.masev.org\/dernek\/wp-content\/uploads\/2018\/08\/11-Katmer-a\u011fas\u0131.png\" alt=\"\" class=\"wp-image-1643\" srcset=\"https:\/\/www.masev.org\/dernek\/wp-content\/uploads\/2018\/08\/11-Katmer-a\u011fas\u0131.png 783w, https:\/\/www.masev.org\/dernek\/wp-content\/uploads\/2018\/08\/11-Katmer-a\u011fas\u0131-246x300.png 246w, https:\/\/www.masev.org\/dernek\/wp-content\/uploads\/2018\/08\/11-Katmer-a\u011fas\u0131-768x936.png 768w\" sizes=\"(max-width: 783px) 100vw, 783px\" \/><button\n\t\t\tclass=\"lightbox-trigger\"\n\t\t\ttype=\"button\"\n\t\t\taria-haspopup=\"dialog\"\n\t\t\taria-label=\"B\u00fcy\u00fct\"\n\t\t\tdata-wp-init=\"callbacks.initTriggerButton\"\n\t\t\tdata-wp-on--click=\"actions.showLightbox\"\n\t\t\tdata-wp-style--right=\"state.imageButtonRight\"\n\t\t\tdata-wp-style--top=\"state.imageButtonTop\"\n\t\t>\n\t\t\t<svg xmlns=\"http:\/\/www.w3.org\/2000\/svg\" width=\"12\" height=\"12\" fill=\"none\" viewBox=\"0 0 12 12\">\n\t\t\t\t<path fill=\"#fff\" d=\"M2 0a2 2 0 0 0-2 2v2h1.5V2a.5.5 0 0 1 .5-.5h2V0H2Zm2 10.5H2a.5.5 0 0 1-.5-.5V8H0v2a2 2 0 0 0 2 2h2v-1.5ZM8 12v-1.5h2a.5.5 0 0 0 .5-.5V8H12v2a2 2 0 0 1-2 2H8Zm2-12a2 2 0 0 1 2 2v2h-1.5V2a.5.5 0 0 0-.5-.5H8V0h2Z\" \/>\n\t\t\t<\/svg>\n\t\t<\/button><\/figure>\n\n\n\n<figure data-wp-context=\"{&quot;imageId&quot;:&quot;69f392efa5273&quot;}\" data-wp-interactive=\"core\/image\" data-wp-key=\"69f392efa5273\" class=\"wp-block-image size-full wp-lightbox-container\"><img loading=\"lazy\" decoding=\"async\" width=\"783\" height=\"954\" data-wp-class--hide=\"state.isContentHidden\" data-wp-class--show=\"state.isContentVisible\" data-wp-init=\"callbacks.setButtonStyles\" data-wp-on--click=\"actions.showLightbox\" data-wp-on--load=\"callbacks.setButtonStyles\" data-wp-on-window--resize=\"callbacks.setButtonStyles\" data-id=\"1641\" src=\"https:\/\/www.masev.org\/dernek\/wp-content\/uploads\/2018\/08\/10-Katmer-a\u011fas\u0131.png\" alt=\"\" class=\"wp-image-1641\" srcset=\"https:\/\/www.masev.org\/dernek\/wp-content\/uploads\/2018\/08\/10-Katmer-a\u011fas\u0131.png 783w, https:\/\/www.masev.org\/dernek\/wp-content\/uploads\/2018\/08\/10-Katmer-a\u011fas\u0131-246x300.png 246w, https:\/\/www.masev.org\/dernek\/wp-content\/uploads\/2018\/08\/10-Katmer-a\u011fas\u0131-768x936.png 768w\" sizes=\"(max-width: 783px) 100vw, 783px\" \/><button\n\t\t\tclass=\"lightbox-trigger\"\n\t\t\ttype=\"button\"\n\t\t\taria-haspopup=\"dialog\"\n\t\t\taria-label=\"B\u00fcy\u00fct\"\n\t\t\tdata-wp-init=\"callbacks.initTriggerButton\"\n\t\t\tdata-wp-on--click=\"actions.showLightbox\"\n\t\t\tdata-wp-style--right=\"state.imageButtonRight\"\n\t\t\tdata-wp-style--top=\"state.imageButtonTop\"\n\t\t>\n\t\t\t<svg xmlns=\"http:\/\/www.w3.org\/2000\/svg\" width=\"12\" height=\"12\" fill=\"none\" viewBox=\"0 0 12 12\">\n\t\t\t\t<path fill=\"#fff\" d=\"M2 0a2 2 0 0 0-2 2v2h1.5V2a.5.5 0 0 1 .5-.5h2V0H2Zm2 10.5H2a.5.5 0 0 1-.5-.5V8H0v2a2 2 0 0 0 2 2h2v-1.5ZM8 12v-1.5h2a.5.5 0 0 0 .5-.5V8H12v2a2 2 0 0 1-2 2H8Zm2-12a2 2 0 0 1 2 2v2h-1.5V2a.5.5 0 0 0-.5-.5H8V0h2Z\" \/>\n\t\t\t<\/svg>\n\t\t<\/button><\/figure>\n\n\n\n<figure data-wp-context=\"{&quot;imageId&quot;:&quot;69f392efa573c&quot;}\" data-wp-interactive=\"core\/image\" data-wp-key=\"69f392efa573c\" class=\"wp-block-image size-full wp-lightbox-container\"><img loading=\"lazy\" decoding=\"async\" width=\"783\" height=\"954\" data-wp-class--hide=\"state.isContentHidden\" data-wp-class--show=\"state.isContentVisible\" data-wp-init=\"callbacks.setButtonStyles\" data-wp-on--click=\"actions.showLightbox\" data-wp-on--load=\"callbacks.setButtonStyles\" data-wp-on-window--resize=\"callbacks.setButtonStyles\" data-id=\"1640\" src=\"https:\/\/www.masev.org\/dernek\/wp-content\/uploads\/2018\/08\/9-Katmer-a\u011fas\u0131.png\" alt=\"\" class=\"wp-image-1640\" srcset=\"https:\/\/www.masev.org\/dernek\/wp-content\/uploads\/2018\/08\/9-Katmer-a\u011fas\u0131.png 783w, https:\/\/www.masev.org\/dernek\/wp-content\/uploads\/2018\/08\/9-Katmer-a\u011fas\u0131-246x300.png 246w, https:\/\/www.masev.org\/dernek\/wp-content\/uploads\/2018\/08\/9-Katmer-a\u011fas\u0131-768x936.png 768w\" sizes=\"(max-width: 783px) 100vw, 783px\" \/><button\n\t\t\tclass=\"lightbox-trigger\"\n\t\t\ttype=\"button\"\n\t\t\taria-haspopup=\"dialog\"\n\t\t\taria-label=\"B\u00fcy\u00fct\"\n\t\t\tdata-wp-init=\"callbacks.initTriggerButton\"\n\t\t\tdata-wp-on--click=\"actions.showLightbox\"\n\t\t\tdata-wp-style--right=\"state.imageButtonRight\"\n\t\t\tdata-wp-style--top=\"state.imageButtonTop\"\n\t\t>\n\t\t\t<svg xmlns=\"http:\/\/www.w3.org\/2000\/svg\" width=\"12\" height=\"12\" fill=\"none\" viewBox=\"0 0 12 12\">\n\t\t\t\t<path fill=\"#fff\" d=\"M2 0a2 2 0 0 0-2 2v2h1.5V2a.5.5 0 0 1 .5-.5h2V0H2Zm2 10.5H2a.5.5 0 0 1-.5-.5V8H0v2a2 2 0 0 0 2 2h2v-1.5ZM8 12v-1.5h2a.5.5 0 0 0 .5-.5V8H12v2a2 2 0 0 1-2 2H8Zm2-12a2 2 0 0 1 2 2v2h-1.5V2a.5.5 0 0 0-.5-.5H8V0h2Z\" \/>\n\t\t\t<\/svg>\n\t\t<\/button><\/figure>\n\n\n\n<figure data-wp-context=\"{&quot;imageId&quot;:&quot;69f392efa5c0c&quot;}\" data-wp-interactive=\"core\/image\" data-wp-key=\"69f392efa5c0c\" class=\"wp-block-image size-full wp-lightbox-container\"><img loading=\"lazy\" decoding=\"async\" width=\"783\" height=\"954\" data-wp-class--hide=\"state.isContentHidden\" data-wp-class--show=\"state.isContentVisible\" data-wp-init=\"callbacks.setButtonStyles\" data-wp-on--click=\"actions.showLightbox\" data-wp-on--load=\"callbacks.setButtonStyles\" data-wp-on-window--resize=\"callbacks.setButtonStyles\" data-id=\"1639\" src=\"https:\/\/www.masev.org\/dernek\/wp-content\/uploads\/2018\/08\/8-Katmer-a\u011fas\u0131.png\" alt=\"\" class=\"wp-image-1639\" srcset=\"https:\/\/www.masev.org\/dernek\/wp-content\/uploads\/2018\/08\/8-Katmer-a\u011fas\u0131.png 783w, https:\/\/www.masev.org\/dernek\/wp-content\/uploads\/2018\/08\/8-Katmer-a\u011fas\u0131-246x300.png 246w, https:\/\/www.masev.org\/dernek\/wp-content\/uploads\/2018\/08\/8-Katmer-a\u011fas\u0131-768x936.png 768w\" sizes=\"(max-width: 783px) 100vw, 783px\" \/><button\n\t\t\tclass=\"lightbox-trigger\"\n\t\t\ttype=\"button\"\n\t\t\taria-haspopup=\"dialog\"\n\t\t\taria-label=\"B\u00fcy\u00fct\"\n\t\t\tdata-wp-init=\"callbacks.initTriggerButton\"\n\t\t\tdata-wp-on--click=\"actions.showLightbox\"\n\t\t\tdata-wp-style--right=\"state.imageButtonRight\"\n\t\t\tdata-wp-style--top=\"state.imageButtonTop\"\n\t\t>\n\t\t\t<svg xmlns=\"http:\/\/www.w3.org\/2000\/svg\" width=\"12\" height=\"12\" fill=\"none\" viewBox=\"0 0 12 12\">\n\t\t\t\t<path fill=\"#fff\" d=\"M2 0a2 2 0 0 0-2 2v2h1.5V2a.5.5 0 0 1 .5-.5h2V0H2Zm2 10.5H2a.5.5 0 0 1-.5-.5V8H0v2a2 2 0 0 0 2 2h2v-1.5ZM8 12v-1.5h2a.5.5 0 0 0 .5-.5V8H12v2a2 2 0 0 1-2 2H8Zm2-12a2 2 0 0 1 2 2v2h-1.5V2a.5.5 0 0 0-.5-.5H8V0h2Z\" \/>\n\t\t\t<\/svg>\n\t\t<\/button><\/figure>\n\n\n\n<figure data-wp-context=\"{&quot;imageId&quot;:&quot;69f392efa60f6&quot;}\" data-wp-interactive=\"core\/image\" data-wp-key=\"69f392efa60f6\" class=\"wp-block-image size-full wp-lightbox-container\"><img loading=\"lazy\" decoding=\"async\" width=\"783\" height=\"954\" data-wp-class--hide=\"state.isContentHidden\" data-wp-class--show=\"state.isContentVisible\" data-wp-init=\"callbacks.setButtonStyles\" data-wp-on--click=\"actions.showLightbox\" data-wp-on--load=\"callbacks.setButtonStyles\" data-wp-on-window--resize=\"callbacks.setButtonStyles\" data-id=\"1638\" src=\"https:\/\/www.masev.org\/dernek\/wp-content\/uploads\/2018\/08\/7-Katmer-a\u011fas\u0131.png\" alt=\"\" class=\"wp-image-1638\" srcset=\"https:\/\/www.masev.org\/dernek\/wp-content\/uploads\/2018\/08\/7-Katmer-a\u011fas\u0131.png 783w, https:\/\/www.masev.org\/dernek\/wp-content\/uploads\/2018\/08\/7-Katmer-a\u011fas\u0131-246x300.png 246w, https:\/\/www.masev.org\/dernek\/wp-content\/uploads\/2018\/08\/7-Katmer-a\u011fas\u0131-768x936.png 768w\" sizes=\"(max-width: 783px) 100vw, 783px\" \/><button\n\t\t\tclass=\"lightbox-trigger\"\n\t\t\ttype=\"button\"\n\t\t\taria-haspopup=\"dialog\"\n\t\t\taria-label=\"B\u00fcy\u00fct\"\n\t\t\tdata-wp-init=\"callbacks.initTriggerButton\"\n\t\t\tdata-wp-on--click=\"actions.showLightbox\"\n\t\t\tdata-wp-style--right=\"state.imageButtonRight\"\n\t\t\tdata-wp-style--top=\"state.imageButtonTop\"\n\t\t>\n\t\t\t<svg xmlns=\"http:\/\/www.w3.org\/2000\/svg\" width=\"12\" height=\"12\" fill=\"none\" viewBox=\"0 0 12 12\">\n\t\t\t\t<path fill=\"#fff\" d=\"M2 0a2 2 0 0 0-2 2v2h1.5V2a.5.5 0 0 1 .5-.5h2V0H2Zm2 10.5H2a.5.5 0 0 1-.5-.5V8H0v2a2 2 0 0 0 2 2h2v-1.5ZM8 12v-1.5h2a.5.5 0 0 0 .5-.5V8H12v2a2 2 0 0 1-2 2H8Zm2-12a2 2 0 0 1 2 2v2h-1.5V2a.5.5 0 0 0-.5-.5H8V0h2Z\" \/>\n\t\t\t<\/svg>\n\t\t<\/button><\/figure>\n\n\n\n<figure data-wp-context=\"{&quot;imageId&quot;:&quot;69f392efa658b&quot;}\" data-wp-interactive=\"core\/image\" data-wp-key=\"69f392efa658b\" class=\"wp-block-image size-full wp-lightbox-container\"><img loading=\"lazy\" decoding=\"async\" width=\"783\" height=\"954\" data-wp-class--hide=\"state.isContentHidden\" data-wp-class--show=\"state.isContentVisible\" data-wp-init=\"callbacks.setButtonStyles\" data-wp-on--click=\"actions.showLightbox\" data-wp-on--load=\"callbacks.setButtonStyles\" data-wp-on-window--resize=\"callbacks.setButtonStyles\" data-id=\"1637\" src=\"https:\/\/www.masev.org\/dernek\/wp-content\/uploads\/2018\/08\/5.6-Katmer-a\u011fas\u0131.png\" alt=\"\" class=\"wp-image-1637\" srcset=\"https:\/\/www.masev.org\/dernek\/wp-content\/uploads\/2018\/08\/5.6-Katmer-a\u011fas\u0131.png 783w, https:\/\/www.masev.org\/dernek\/wp-content\/uploads\/2018\/08\/5.6-Katmer-a\u011fas\u0131-246x300.png 246w, https:\/\/www.masev.org\/dernek\/wp-content\/uploads\/2018\/08\/5.6-Katmer-a\u011fas\u0131-768x936.png 768w\" sizes=\"(max-width: 783px) 100vw, 783px\" \/><button\n\t\t\tclass=\"lightbox-trigger\"\n\t\t\ttype=\"button\"\n\t\t\taria-haspopup=\"dialog\"\n\t\t\taria-label=\"B\u00fcy\u00fct\"\n\t\t\tdata-wp-init=\"callbacks.initTriggerButton\"\n\t\t\tdata-wp-on--click=\"actions.showLightbox\"\n\t\t\tdata-wp-style--right=\"state.imageButtonRight\"\n\t\t\tdata-wp-style--top=\"state.imageButtonTop\"\n\t\t>\n\t\t\t<svg xmlns=\"http:\/\/www.w3.org\/2000\/svg\" width=\"12\" height=\"12\" fill=\"none\" viewBox=\"0 0 12 12\">\n\t\t\t\t<path fill=\"#fff\" d=\"M2 0a2 2 0 0 0-2 2v2h1.5V2a.5.5 0 0 1 .5-.5h2V0H2Zm2 10.5H2a.5.5 0 0 1-.5-.5V8H0v2a2 2 0 0 0 2 2h2v-1.5ZM8 12v-1.5h2a.5.5 0 0 0 .5-.5V8H12v2a2 2 0 0 1-2 2H8Zm2-12a2 2 0 0 1 2 2v2h-1.5V2a.5.5 0 0 0-.5-.5H8V0h2Z\" \/>\n\t\t\t<\/svg>\n\t\t<\/button><\/figure>\n\n\n\n<figure data-wp-context=\"{&quot;imageId&quot;:&quot;69f392efa6a7c&quot;}\" data-wp-interactive=\"core\/image\" data-wp-key=\"69f392efa6a7c\" class=\"wp-block-image size-full wp-lightbox-container\"><img loading=\"lazy\" decoding=\"async\" width=\"783\" height=\"954\" data-wp-class--hide=\"state.isContentHidden\" data-wp-class--show=\"state.isContentVisible\" data-wp-init=\"callbacks.setButtonStyles\" data-wp-on--click=\"actions.showLightbox\" data-wp-on--load=\"callbacks.setButtonStyles\" data-wp-on-window--resize=\"callbacks.setButtonStyles\" data-id=\"1636\" src=\"https:\/\/www.masev.org\/dernek\/wp-content\/uploads\/2018\/08\/3.4-Katmer-a\u011fas\u0131.png\" alt=\"\" class=\"wp-image-1636\" srcset=\"https:\/\/www.masev.org\/dernek\/wp-content\/uploads\/2018\/08\/3.4-Katmer-a\u011fas\u0131.png 783w, https:\/\/www.masev.org\/dernek\/wp-content\/uploads\/2018\/08\/3.4-Katmer-a\u011fas\u0131-246x300.png 246w, https:\/\/www.masev.org\/dernek\/wp-content\/uploads\/2018\/08\/3.4-Katmer-a\u011fas\u0131-768x936.png 768w\" sizes=\"(max-width: 783px) 100vw, 783px\" \/><button\n\t\t\tclass=\"lightbox-trigger\"\n\t\t\ttype=\"button\"\n\t\t\taria-haspopup=\"dialog\"\n\t\t\taria-label=\"B\u00fcy\u00fct\"\n\t\t\tdata-wp-init=\"callbacks.initTriggerButton\"\n\t\t\tdata-wp-on--click=\"actions.showLightbox\"\n\t\t\tdata-wp-style--right=\"state.imageButtonRight\"\n\t\t\tdata-wp-style--top=\"state.imageButtonTop\"\n\t\t>\n\t\t\t<svg xmlns=\"http:\/\/www.w3.org\/2000\/svg\" width=\"12\" height=\"12\" fill=\"none\" viewBox=\"0 0 12 12\">\n\t\t\t\t<path fill=\"#fff\" d=\"M2 0a2 2 0 0 0-2 2v2h1.5V2a.5.5 0 0 1 .5-.5h2V0H2Zm2 10.5H2a.5.5 0 0 1-.5-.5V8H0v2a2 2 0 0 0 2 2h2v-1.5ZM8 12v-1.5h2a.5.5 0 0 0 .5-.5V8H12v2a2 2 0 0 1-2 2H8Zm2-12a2 2 0 0 1 2 2v2h-1.5V2a.5.5 0 0 0-.5-.5H8V0h2Z\" \/>\n\t\t\t<\/svg>\n\t\t<\/button><\/figure>\n\n\n\n<figure data-wp-context=\"{&quot;imageId&quot;:&quot;69f392efa6f52&quot;}\" data-wp-interactive=\"core\/image\" data-wp-key=\"69f392efa6f52\" class=\"wp-block-image size-full wp-lightbox-container\"><img loading=\"lazy\" decoding=\"async\" width=\"783\" height=\"954\" data-wp-class--hide=\"state.isContentHidden\" data-wp-class--show=\"state.isContentVisible\" data-wp-init=\"callbacks.setButtonStyles\" data-wp-on--click=\"actions.showLightbox\" data-wp-on--load=\"callbacks.setButtonStyles\" data-wp-on-window--resize=\"callbacks.setButtonStyles\" data-id=\"1635\" src=\"https:\/\/www.masev.org\/dernek\/wp-content\/uploads\/2018\/08\/1.2-Katmer-a\u011fas\u0131.png\" alt=\"\" class=\"wp-image-1635\" srcset=\"https:\/\/www.masev.org\/dernek\/wp-content\/uploads\/2018\/08\/1.2-Katmer-a\u011fas\u0131.png 783w, https:\/\/www.masev.org\/dernek\/wp-content\/uploads\/2018\/08\/1.2-Katmer-a\u011fas\u0131-246x300.png 246w, https:\/\/www.masev.org\/dernek\/wp-content\/uploads\/2018\/08\/1.2-Katmer-a\u011fas\u0131-768x936.png 768w\" sizes=\"(max-width: 783px) 100vw, 783px\" \/><button\n\t\t\tclass=\"lightbox-trigger\"\n\t\t\ttype=\"button\"\n\t\t\taria-haspopup=\"dialog\"\n\t\t\taria-label=\"B\u00fcy\u00fct\"\n\t\t\tdata-wp-init=\"callbacks.initTriggerButton\"\n\t\t\tdata-wp-on--click=\"actions.showLightbox\"\n\t\t\tdata-wp-style--right=\"state.imageButtonRight\"\n\t\t\tdata-wp-style--top=\"state.imageButtonTop\"\n\t\t>\n\t\t\t<svg xmlns=\"http:\/\/www.w3.org\/2000\/svg\" width=\"12\" height=\"12\" fill=\"none\" viewBox=\"0 0 12 12\">\n\t\t\t\t<path fill=\"#fff\" d=\"M2 0a2 2 0 0 0-2 2v2h1.5V2a.5.5 0 0 1 .5-.5h2V0H2Zm2 10.5H2a.5.5 0 0 1-.5-.5V8H0v2a2 2 0 0 0 2 2h2v-1.5ZM8 12v-1.5h2a.5.5 0 0 0 .5-.5V8H12v2a2 2 0 0 1-2 2H8Zm2-12a2 2 0 0 1 2 2v2h-1.5V2a.5.5 0 0 0-.5-.5H8V0h2Z\" \/>\n\t\t\t<\/svg>\n\t\t<\/button><\/figure>\n<\/figure>\n","protected":false},"excerpt":{"rendered":"","protected":false},"author":35,"featured_media":0,"parent":0,"menu_order":0,"comment_status":"closed","ping_status":"closed","template":"","meta":{"footnotes":""},"class_list":["post-1718","page","type-page","status-publish","hentry"],"_links":{"self":[{"href":"https:\/\/www.masev.org\/dernek\/wp-json\/wp\/v2\/pages\/1718","targetHints":{"allow":["GET"]}}],"collection":[{"href":"https:\/\/www.masev.org\/dernek\/wp-json\/wp\/v2\/pages"}],"about":[{"href":"https:\/\/www.masev.org\/dernek\/wp-json\/wp\/v2\/types\/page"}],"author":[{"embeddable":true,"href":"https:\/\/www.masev.org\/dernek\/wp-json\/wp\/v2\/users\/35"}],"replies":[{"embeddable":true,"href":"https:\/\/www.masev.org\/dernek\/wp-json\/wp\/v2\/comments?post=1718"}],"version-history":[{"count":15,"href":"https:\/\/www.masev.org\/dernek\/wp-json\/wp\/v2\/pages\/1718\/revisions"}],"predecessor-version":[{"id":3121,"href":"https:\/\/www.masev.org\/dernek\/wp-json\/wp\/v2\/pages\/1718\/revisions\/3121"}],"wp:attachment":[{"href":"https:\/\/www.masev.org\/dernek\/wp-json\/wp\/v2\/media?parent=1718"}],"curies":[{"name":"wp","href":"https:\/\/api.w.org\/{rel}","templated":true}]}}